{"id":1350,"date":"2021-11-25T13:10:32","date_gmt":"2021-11-25T12:10:32","guid":{"rendered":"https:\/\/tancamentssantjust.com\/politica-de-privacidad\/"},"modified":"2021-11-25T13:10:37","modified_gmt":"2021-11-25T12:10:37","slug":"politica-de-privacidad","status":"publish","type":"page","link":"https:\/\/tancamentssantjust.com\/es\/politica-de-privacidad\/","title":{"rendered":"Pol\u00edtica de privacidad"},"content":{"rendered":"<style>.wp-block-kadence-advancedheading.kt-adv-heading_b02abd-95, .wp-block-kadence-advancedheading.kt-adv-heading_b02abd-95[data-kb-block=\"kb-adv-heading_b02abd-95\"]{padding-top:60px;font-style:normal;}.wp-block-kadence-advancedheading.kt-adv-heading_b02abd-95 mark.kt-highlight, .wp-block-kadence-advancedheading.kt-adv-heading_b02abd-95[data-kb-block=\"kb-adv-heading_b02abd-95\"] mark.kt-highlight{font-style:normal;color:#f76a0c;-webkit-box-decoration-break:clone;box-decoration-break:clone;padding-top:0px;padding-right:0px;padding-bottom:0px;padding-left:0px;}.wp-block-kadence-advancedheading.kt-adv-heading_b02abd-95 img.kb-inline-image, .wp-block-kadence-advancedheading.kt-adv-heading_b02abd-95[data-kb-block=\"kb-adv-heading_b02abd-95\"] img.kb-inline-image{width:150px;vertical-align:baseline;}<\/style>\n<h1 class=\"kt-adv-heading_b02abd-95 wp-block-kadence-advancedheading\" data-kb-block=\"kb-adv-heading_b02abd-95\">Pol\u00edtica de privacidad<\/h1>\n\n<p>ANTONIO CAMACHO RICO garantiza la privacidad de los datos de car\u00e1cter personal aportados, seg\u00fan el Reglamento General de Protecci\u00f3n de Datos (RGPD).<\/p>\n\n<p>La visita a esta p\u00e1gina Web no supone que el usuario est\u00e9 obligado a facilitar informaci\u00f3n alguna sobre s\u00ed mismo, sin embargo, durante la visita es posible que se soliciten datos de car\u00e1cter personal a trav\u00e9s de formularios.<\/p>\n\n<p>Estos datos ser\u00e1n incorporados a un fichero responsabilidad de ANTONIO CAMACHO RICO y ser\u00e1n utilizados para las siguientes finalidades; contestar a las solicitudes realizadas por su parte, para enviarles informaci\u00f3n de nuestra empresa y servicios solicitados u ofrecidos por cualquier medio de comunicaci\u00f3n. Para dar cumplimiento a las solicitudes, el interesado autoriza a ANTONIO CAMACHO RICO a ceder sus datos a las empresas asociadas o colaboradoras con las que existan contratos de prestaci\u00f3n de servicios relacionados con la actividad, como estipula la normativa vigente en los art\u00edculos 10, 11 y 12 del RGPD, con el fin de prestar un adecuado servicio en base a las peticiones realizadas por usted. Al enviarnos este formulario, usted est\u00e1 aceptando expl\u00edcitamente la recepci\u00f3n y tratamiento de los mismos para las finalidades expresadas. Estos datos se cancelar\u00e1n a su petici\u00f3n o una vez satisfecho la finalidad por la que fueron recabados.<\/p>\n\n<p><strong>C\u00f3mo ejercitar los derechos:<\/strong> Los usuarios pueden dirigir una comunicaci\u00f3n por escrito a ANTONIO CAMACHO RICO con domicilio en AV. GENERALITAT DE CATALUNYA 3. 2\u00ba 2\u00aa, 08960 SANT JUST DESVERN,<\/p>\n\n<p>BARCELONA, o en la direcci\u00f3n de correo electr\u00f3nico <a href=\"mailto:info@tancamentssantjust.com\">info@tancamentssantjust.com<\/a> incluyendo en ambos casos una fotocopia de su DNI u otro documento identificativo similar, para ejercer sus derechos, que son los siguientes:<\/p>\n\n<ul class=\"wp-block-list\"><li>Derecho a solicitar el acceso a sus datos personales: usted podr\u00e1 preguntar a ANTONIO CAMACHO RICO si esta empresa est\u00e1 tratando sus datos.<ul><li>Derecho a solicitar su rectificaci\u00f3n (en caso de que sean incorrectas) o supresi\u00f3n.<\/li><\/ul><\/li><\/ul>\n<p>Posibilidad de retirar el consentimiento: en caso de que se haya otorgado el consentimiento para alguna finalidad espec\u00edfica, usted tiene derecho a retirar el consentimiento en cualquier momento, sin que ello afecte a la licitud del tratamiento basado en el consentimiento previo a su retirada .<\/p>\n\n<p>C\u00f3mo reclamar ante la Autoridad de Control: Si un usuario considera que existe un problema con la forma en que ANTONIO CAMACHO RICO est\u00e1 manejando sus datos, puede dirigir sus reclamaciones a la autoridad de protecci\u00f3n de datos que corresponda, siendo el &#8216;Agencia Espa\u00f1ola de Protecci\u00f3n de Datos la indicada en el caso de Espa\u00f1a.<\/p>\n\n<p>La negativa a proporcionar los datos supondr\u00e1 la no prestaci\u00f3n o imposibilidad de acceder al servicio por los que eran solicitados. Usted tiene derecho a recibir respuesta de cualquier pregunta, consulta o aclaraci\u00f3n que le surja derivada de este formulario.<\/p>\n\n<p>Las partes se someten, a su elecci\u00f3n, para la resoluci\u00f3n de los conflictos y con renuncia a cualquier otro fuero, en los juzgados y tribunales del domicilio del propietario del sitio Web.<\/p>\n<style>.wp-block-kadence-spacer.kt-block-spacer-_71699e-37 .kt-block-spacer{height:60px;}.wp-block-kadence-spacer.kt-block-spacer-_71699e-37 .kt-divider{border-top-width:1px;height:1px;border-top-color:#eee;width:80%;border-top-style:solid;}<\/style>\n<div class=\"wp-block-kadence-spacer aligncenter kt-block-spacer-_71699e-37\"><div class=\"kt-block-spacer kt-block-spacer-halign-center\" style=\"height:60px\"><\/div><\/div>\n","protected":false},"excerpt":{"rendered":"<p>Pol\u00edtica de privacidad ANTONIO CAMACHO RICO garantiza la privacidad de los datos de car\u00e1cter personal aportados, seg\u00fan el Reglamento General de Protecci\u00f3n de Datos (RGPD). La visita a esta p\u00e1gina Web no supone que el usuario est\u00e9 obligado a facilitar informaci\u00f3n alguna sobre s\u00ed mismo, sin embargo, durante la visita es posible que se soliciten [&hellip;]<\/p>\n","protected":false},"author":1,"featured_media":0,"parent":0,"menu_order":0,"comment_status":"closed","ping_status":"closed","template":"","meta":{"_uag_custom_page_level_css":"","kk_blocks_editor_width":"","_kiokenblocks_attr":"","_kiokenblocks_dimensions":"","site-sidebar-layout":"no-sidebar","site-content-layout":"plain-container","ast-site-content-layout":"default","site-content-style":"default","site-sidebar-style":"default","ast-global-header-display":"","ast-banner-title-visibility":"","ast-main-header-display":"","ast-hfb-above-header-display":"","ast-hfb-below-header-display":"","ast-hfb-mobile-header-display":"","site-post-title":"disabled","ast-breadcrumbs-content":"","ast-featured-img":"","footer-sml-layout":"","ast-disable-related-posts":"","theme-transparent-header-meta":"default","adv-header-id-meta":"","stick-header-meta":"default","header-above-stick-meta":"","header-main-stick-meta":"","header-below-stick-meta":"","astra-migrate-meta-layouts":"default","ast-page-background-enabled":"default","ast-page-background-meta":{"desktop":{"background-color":"","background-image":"","background-repeat":"repeat","background-position":"center center","background-size":"auto","background-attachment":"scroll","background-type":"","background-media":"","overlay-type":"","overlay-color":"","overlay-opacity":"","overlay-gradient":""},"tablet":{"background-color":"","background-image":"","background-repeat":"repeat","background-position":"center center","background-size":"auto","background-attachment":"scroll","background-type":"","background-media":"","overlay-type":"","overlay-color":"","overlay-opacity":"","overlay-gradient":""},"mobile":{"background-color":"","background-image":"","background-repeat":"repeat","background-position":"center center","background-size":"auto","background-attachment":"scroll","background-type":"","background-media":"","overlay-type":"","overlay-color":"","overlay-opacity":"","overlay-gradient":""}},"ast-content-background-meta":{"desktop":{"background-color":"var(--ast-global-color-5)","background-image":"","background-repeat":"repeat","background-position":"center center","background-size":"auto","background-attachment":"scroll","background-type":"","background-media":"","overlay-type":"","overlay-color":"","overlay-opacity":"","overlay-gradient":""},"tablet":{"background-color":"var(--ast-global-color-5)","background-image":"","background-repeat":"repeat","background-position":"center center","background-size":"auto","background-attachment":"scroll","background-type":"","background-media":"","overlay-type":"","overlay-color":"","overlay-opacity":"","overlay-gradient":""},"mobile":{"background-color":"var(--ast-global-color-5)","background-image":"","background-repeat":"repeat","background-position":"center center","background-size":"auto","background-attachment":"scroll","background-type":"","background-media":"","overlay-type":"","overlay-color":"","overlay-opacity":"","overlay-gradient":""}},"footnotes":""},"class_list":["post-1350","page","type-page","status-publish","hentry"],"yoast_head":"<!-- This site is optimized with the Yoast SEO plugin v27.4 - https:\/\/yoast.com\/product\/yoast-seo-wordpress\/ -->\n<title>Pol\u00edtica de privacidad - Tancaments Sant Just Desvern<\/title>\n<meta name=\"robots\" content=\"index, follow, max-snippet:-1, max-image-preview:large, max-video-preview:-1\" \/>\n<link rel=\"canonical\" href=\"https:\/\/tancamentssantjust.com\/es\/politica-de-privacidad\/\" \/>\n<meta property=\"og:locale\" content=\"es_ES\" \/>\n<meta property=\"og:type\" content=\"article\" \/>\n<meta property=\"og:title\" content=\"Pol\u00edtica de privacidad - Tancaments Sant Just Desvern\" \/>\n<meta property=\"og:description\" content=\"Pol\u00edtica de privacidad ANTONIO CAMACHO RICO garantiza la privacidad de los datos de car\u00e1cter personal aportados, seg\u00fan el Reglamento General de Protecci\u00f3n de Datos (RGPD). La visita a esta p\u00e1gina Web no supone que el usuario est\u00e9 obligado a facilitar informaci\u00f3n alguna sobre s\u00ed mismo, sin embargo, durante la visita es posible que se soliciten [&hellip;]\" \/>\n<meta property=\"og:url\" content=\"https:\/\/tancamentssantjust.com\/es\/politica-de-privacidad\/\" \/>\n<meta property=\"og:site_name\" content=\"Tancaments Sant Just Desvern\" \/>\n<meta property=\"article:modified_time\" content=\"2021-11-25T12:10:37+00:00\" \/>\n<meta name=\"twitter:card\" content=\"summary_large_image\" \/>\n<meta name=\"twitter:label1\" content=\"Tiempo de lectura\" \/>\n\t<meta name=\"twitter:data1\" content=\"3 minutos\" \/>\n<script type=\"application\/ld+json\" class=\"yoast-schema-graph\">{\"@context\":\"https:\\\/\\\/schema.org\",\"@graph\":[{\"@type\":\"WebPage\",\"@id\":\"https:\\\/\\\/tancamentssantjust.com\\\/es\\\/politica-de-privacidad\\\/\",\"url\":\"https:\\\/\\\/tancamentssantjust.com\\\/es\\\/politica-de-privacidad\\\/\",\"name\":\"Pol\u00edtica de privacidad - Tancaments Sant Just Desvern\",\"isPartOf\":{\"@id\":\"https:\\\/\\\/tancamentssantjust.com\\\/#website\"},\"datePublished\":\"2021-11-25T12:10:32+00:00\",\"dateModified\":\"2021-11-25T12:10:37+00:00\",\"breadcrumb\":{\"@id\":\"https:\\\/\\\/tancamentssantjust.com\\\/es\\\/politica-de-privacidad\\\/#breadcrumb\"},\"inLanguage\":\"es\",\"potentialAction\":[{\"@type\":\"ReadAction\",\"target\":[\"https:\\\/\\\/tancamentssantjust.com\\\/es\\\/politica-de-privacidad\\\/\"]}]},{\"@type\":\"BreadcrumbList\",\"@id\":\"https:\\\/\\\/tancamentssantjust.com\\\/es\\\/politica-de-privacidad\\\/#breadcrumb\",\"itemListElement\":[{\"@type\":\"ListItem\",\"position\":1,\"name\":\"Portada\",\"item\":\"https:\\\/\\\/tancamentssantjust.com\\\/es\\\/\"},{\"@type\":\"ListItem\",\"position\":2,\"name\":\"Pol\u00edtica de privacidad\"}]},{\"@type\":\"WebSite\",\"@id\":\"https:\\\/\\\/tancamentssantjust.com\\\/#website\",\"url\":\"https:\\\/\\\/tancamentssantjust.com\\\/\",\"name\":\"Tancaments Sant Just Desvern\",\"description\":\"Finestres, portes i tancaments d&#039;Alumuni i PVC\",\"publisher\":{\"@id\":\"https:\\\/\\\/tancamentssantjust.com\\\/#organization\"},\"potentialAction\":[{\"@type\":\"SearchAction\",\"target\":{\"@type\":\"EntryPoint\",\"urlTemplate\":\"https:\\\/\\\/tancamentssantjust.com\\\/?s={search_term_string}\"},\"query-input\":{\"@type\":\"PropertyValueSpecification\",\"valueRequired\":true,\"valueName\":\"search_term_string\"}}],\"inLanguage\":\"es\"},{\"@type\":\"Organization\",\"@id\":\"https:\\\/\\\/tancamentssantjust.com\\\/#organization\",\"name\":\"Tancaments Sant Just Desvern\",\"url\":\"https:\\\/\\\/tancamentssantjust.com\\\/\",\"logo\":{\"@type\":\"ImageObject\",\"inLanguage\":\"es\",\"@id\":\"https:\\\/\\\/tancamentssantjust.com\\\/#\\\/schema\\\/logo\\\/image\\\/\",\"url\":\"https:\\\/\\\/tancamentssantjust.com\\\/wp-content\\\/uploads\\\/2021\\\/06\\\/cropped-logo-tancaments-sant-just-p.png\",\"contentUrl\":\"https:\\\/\\\/tancamentssantjust.com\\\/wp-content\\\/uploads\\\/2021\\\/06\\\/cropped-logo-tancaments-sant-just-p.png\",\"width\":300,\"height\":167,\"caption\":\"Tancaments Sant Just Desvern\"},\"image\":{\"@id\":\"https:\\\/\\\/tancamentssantjust.com\\\/#\\\/schema\\\/logo\\\/image\\\/\"}}]}<\/script>\n<!-- \/ Yoast SEO plugin. -->","yoast_head_json":{"title":"Pol\u00edtica de privacidad - Tancaments Sant Just Desvern","robots":{"index":"index","follow":"follow","max-snippet":"max-snippet:-1","max-image-preview":"max-image-preview:large","max-video-preview":"max-video-preview:-1"},"canonical":"https:\/\/tancamentssantjust.com\/es\/politica-de-privacidad\/","og_locale":"es_ES","og_type":"article","og_title":"Pol\u00edtica de privacidad - Tancaments Sant Just Desvern","og_description":"Pol\u00edtica de privacidad ANTONIO CAMACHO RICO garantiza la privacidad de los datos de car\u00e1cter personal aportados, seg\u00fan el Reglamento General de Protecci\u00f3n de Datos (RGPD). La visita a esta p\u00e1gina Web no supone que el usuario est\u00e9 obligado a facilitar informaci\u00f3n alguna sobre s\u00ed mismo, sin embargo, durante la visita es posible que se soliciten [&hellip;]","og_url":"https:\/\/tancamentssantjust.com\/es\/politica-de-privacidad\/","og_site_name":"Tancaments Sant Just Desvern","article_modified_time":"2021-11-25T12:10:37+00:00","twitter_card":"summary_large_image","twitter_misc":{"Tiempo de lectura":"3 minutos"},"schema":{"@context":"https:\/\/schema.org","@graph":[{"@type":"WebPage","@id":"https:\/\/tancamentssantjust.com\/es\/politica-de-privacidad\/","url":"https:\/\/tancamentssantjust.com\/es\/politica-de-privacidad\/","name":"Pol\u00edtica de privacidad - Tancaments Sant Just Desvern","isPartOf":{"@id":"https:\/\/tancamentssantjust.com\/#website"},"datePublished":"2021-11-25T12:10:32+00:00","dateModified":"2021-11-25T12:10:37+00:00","breadcrumb":{"@id":"https:\/\/tancamentssantjust.com\/es\/politica-de-privacidad\/#breadcrumb"},"inLanguage":"es","potentialAction":[{"@type":"ReadAction","target":["https:\/\/tancamentssantjust.com\/es\/politica-de-privacidad\/"]}]},{"@type":"BreadcrumbList","@id":"https:\/\/tancamentssantjust.com\/es\/politica-de-privacidad\/#breadcrumb","itemListElement":[{"@type":"ListItem","position":1,"name":"Portada","item":"https:\/\/tancamentssantjust.com\/es\/"},{"@type":"ListItem","position":2,"name":"Pol\u00edtica de privacidad"}]},{"@type":"WebSite","@id":"https:\/\/tancamentssantjust.com\/#website","url":"https:\/\/tancamentssantjust.com\/","name":"Tancaments Sant Just Desvern","description":"Finestres, portes i tancaments d&#039;Alumuni i PVC","publisher":{"@id":"https:\/\/tancamentssantjust.com\/#organization"},"potentialAction":[{"@type":"SearchAction","target":{"@type":"EntryPoint","urlTemplate":"https:\/\/tancamentssantjust.com\/?s={search_term_string}"},"query-input":{"@type":"PropertyValueSpecification","valueRequired":true,"valueName":"search_term_string"}}],"inLanguage":"es"},{"@type":"Organization","@id":"https:\/\/tancamentssantjust.com\/#organization","name":"Tancaments Sant Just Desvern","url":"https:\/\/tancamentssantjust.com\/","logo":{"@type":"ImageObject","inLanguage":"es","@id":"https:\/\/tancamentssantjust.com\/#\/schema\/logo\/image\/","url":"https:\/\/tancamentssantjust.com\/wp-content\/uploads\/2021\/06\/cropped-logo-tancaments-sant-just-p.png","contentUrl":"https:\/\/tancamentssantjust.com\/wp-content\/uploads\/2021\/06\/cropped-logo-tancaments-sant-just-p.png","width":300,"height":167,"caption":"Tancaments Sant Just Desvern"},"image":{"@id":"https:\/\/tancamentssantjust.com\/#\/schema\/logo\/image\/"}}]}},"uagb_featured_image_src":{"full":false,"thumbnail":false,"medium":false,"medium_large":false,"large":false,"1536x1536":false,"2048x2048":false},"uagb_author_info":{"display_name":"empiezapori","author_link":"https:\/\/tancamentssantjust.com\/es\/author\/empiezapori\/"},"uagb_comment_info":0,"uagb_excerpt":"Pol\u00edtica de privacidad ANTONIO CAMACHO RICO garantiza la privacidad de los datos de car\u00e1cter personal aportados, seg\u00fan el Reglamento General de Protecci\u00f3n de Datos (RGPD). La visita a esta p\u00e1gina Web no supone que el usuario est\u00e9 obligado a facilitar informaci\u00f3n alguna sobre s\u00ed mismo, sin embargo, durante la visita es posible que se soliciten&hellip;","_links":{"self":[{"href":"https:\/\/tancamentssantjust.com\/es\/wp-json\/wp\/v2\/pages\/1350","targetHints":{"allow":["GET"]}}],"collection":[{"href":"https:\/\/tancamentssantjust.com\/es\/wp-json\/wp\/v2\/pages"}],"about":[{"href":"https:\/\/tancamentssantjust.com\/es\/wp-json\/wp\/v2\/types\/page"}],"author":[{"embeddable":true,"href":"https:\/\/tancamentssantjust.com\/es\/wp-json\/wp\/v2\/users\/1"}],"replies":[{"embeddable":true,"href":"https:\/\/tancamentssantjust.com\/es\/wp-json\/wp\/v2\/comments?post=1350"}],"version-history":[{"count":3,"href":"https:\/\/tancamentssantjust.com\/es\/wp-json\/wp\/v2\/pages\/1350\/revisions"}],"predecessor-version":[{"id":1353,"href":"https:\/\/tancamentssantjust.com\/es\/wp-json\/wp\/v2\/pages\/1350\/revisions\/1353"}],"wp:attachment":[{"href":"https:\/\/tancamentssantjust.com\/es\/wp-json\/wp\/v2\/media?parent=1350"}],"curies":[{"name":"wp","href":"https:\/\/api.w.org\/{rel}","templated":true}]}}